{"id":1881,"date":"2024-02-17T10:31:02","date_gmt":"2024-02-17T10:31:02","guid":{"rendered":"https:\/\/altea.re\/?page_id=1881"},"modified":"2024-03-19T22:13:59","modified_gmt":"2024-03-19T22:13:59","slug":"properties_detail-de","status":"publish","type":"page","link":"https:\/\/altea.re\/de\/properties_detail-de\/","title":{"rendered":"Properties_detail_de"},"content":{"rendered":"<p>[et_pb_section fb_built=&#8220;1&#8243; disabled_on=&#8220;on|on|off&#8220; _builder_version=&#8220;4.23.1&#8243; _module_preset=&#8220;default&#8220; background_color=&#8220;RGBA(255,255,255,0)&#8220; global_colors_info=&#8220;{}&#8220;][et_pb_row _builder_version=&#8220;4.23.1&#8243; _module_preset=&#8220;default&#8220; background_color=&#8220;RGBA(255,255,255,0)&#8220; width=&#8220;95%&#8220; max_width=&#8220;100%&#8220; custom_margin=&#8220;0px||0px||false|false&#8220; custom_padding=&#8220;0px||0px||false|false&#8220; global_colors_info=&#8220;{}&#8220;][et_pb_column type=&#8220;4_4&#8243; _builder_version=&#8220;4.23.1&#8243; _module_preset=&#8220;default&#8220; global_colors_info=&#8220;{}&#8220;][et_pb_menu submenu_direction=&#8220;upwards&#8220; active_link_color=&#8220;#687b85&#8243; dropdown_menu_bg_color=&#8220;#FFFFFF&#8220; logo=&#8220;https:\/\/altea.re\/wp-content\/uploads\/2023\/12\/logo-con-pay-off-e-linea2-1.png&#8220; logo_url=&#8220;https:\/\/altea.re\/&#8220; logo_width=&#8220;220px&#8220; _builder_version=&#8220;4.23.1&#8243; _module_preset=&#8220;default&#8220; menu_font=&#8220;||||||||&#8220; menu_text_color=&#8220;#000000&#8243; menu_font_size=&#8220;17px&#8220; background_color=&#8220;RGBA(255,255,255,0)&#8220; text_orientation=&#8220;right&#8220; border_width_bottom=&#8220;0px&#8220; global_colors_info=&#8220;{}&#8220; active_link_color__hover_enabled=&#8220;on|hover&#8220; menu_text_color__hover_enabled=&#8220;on|hover&#8220; menu_text_color__hover=&#8220;#687b85&#8243; active_link_color__hover=&#8220;#687b85&#8243;][\/et_pb_menu][\/et_pb_column][\/et_pb_row][et_pb_row _builder_version=&#8220;4.23.1&#8243; _module_preset=&#8220;default&#8220; background_color=&#8220;RGBA(255,255,255,0)&#8220; width=&#8220;95%&#8220; max_width=&#8220;100%&#8220; custom_padding=&#8220;0px||20px||false|false&#8220; global_colors_info=&#8220;{}&#8220;][et_pb_column type=&#8220;4_4&#8243; _builder_version=&#8220;4.23.1&#8243; _module_preset=&#8220;default&#8220; global_colors_info=&#8220;{}&#8220;][et_pb_menu menu_id=&#8220;4&#8243; active_link_color=&#8220;#666666&#8243; dropdown_menu_bg_color=&#8220;#FFFFFF&#8220; _builder_version=&#8220;4.23.1&#8243; _module_preset=&#8220;default&#8220; menu_font=&#8220;|600||on|||||&#8220; menu_text_color=&#8220;#567884&#8243; menu_font_size=&#8220;15px&#8220; background_color=&#8220;RGBA(255,255,255,0)&#8220; text_orientation=&#8220;right&#8220; global_colors_info=&#8220;{}&#8220;][\/et_pb_menu][\/et_pb_column][\/et_pb_row][\/et_pb_section][et_pb_section fb_built=&#8220;1&#8243; disabled_on=&#8220;off|off|on&#8220; _builder_version=&#8220;4.23.1&#8243; _module_preset=&#8220;default&#8220; background_color=&#8220;#567884&#8243; custom_padding=&#8220;20px||20px||true|false&#8220; global_colors_info=&#8220;{}&#8220;][et_pb_row _builder_version=&#8220;4.23.1&#8243; _module_preset=&#8220;default&#8220; background_enable_color=&#8220;off&#8220; width=&#8220;90%&#8220; max_width=&#8220;100%&#8220; custom_margin=&#8220;0px||0px||false|false&#8220; custom_padding=&#8220;0px||0px||false|false&#8220; locked=&#8220;off&#8220; global_colors_info=&#8220;{}&#8220;][et_pb_column type=&#8220;4_4&#8243; _builder_version=&#8220;4.23.1&#8243; _module_preset=&#8220;default&#8220; global_colors_info=&#8220;{}&#8220;][et_pb_menu menu_id=&#8220;5&#8243; logo=&#8220;https:\/\/altea.re\/wp-content\/uploads\/2023\/12\/logo-con-pay-off-e-linea2-1.png&#8220; logo_url=&#8220;https:\/\/altea.re\/&#8220; logo_width=&#8220;27%&#8220; menu_icon_color=&#8220;#FFFFFF&#8220; cart_icon_font_size=&#8220;23px&#8220; logo_width_tablet=&#8220;32%&#8220; logo_width_phone=&#8220;54%&#8220; logo_width_last_edited=&#8220;on|phone&#8220; cart_icon_font_size_tablet=&#8220;23px&#8220; cart_icon_font_size_phone=&#8220;26px&#8220; cart_icon_font_size_last_edited=&#8220;on|phone&#8220; _builder_version=&#8220;4.23.1&#8243; _module_preset=&#8220;default&#8220; menu_font=&#8220;|600||on|||||&#8220; menu_text_color=&#8220;#000000&#8243; menu_font_size=&#8220;15px&#8220; background_enable_color=&#8220;off&#8220; text_orientation=&#8220;right&#8220; global_colors_info=&#8220;{}&#8220;][\/et_pb_menu][\/et_pb_column][\/et_pb_row][\/et_pb_section][et_pb_section fb_built=&#8220;1&#8243; _builder_version=&#8220;4.23.1&#8243; _module_preset=&#8220;default&#8220; min_height=&#8220;200px&#8220; min_height_tablet=&#8220;&#8220; min_height_phone=&#8220;&#8220; min_height_last_edited=&#8220;on|phone&#8220; max_height_tablet=&#8220;&#8220; max_height_phone=&#8220;&#8220; max_height_last_edited=&#8220;on|tablet&#8220; custom_margin=&#8220;-250px||||false|false&#8220; custom_margin_tablet=&#8220;0px||||false|false&#8220; custom_margin_phone=&#8220;0px||||false|false&#8220; custom_margin_last_edited=&#8220;on|phone&#8220; border_width_left=&#8220;250px&#8220; border_color_left=&#8220;#567884&#8243; locked=&#8220;off&#8220; global_colors_info=&#8220;{}&#8220;][\/et_pb_section][et_pb_section fb_built=&#8220;1&#8243; _builder_version=&#8220;4.23.1&#8243; _module_preset=&#8220;default&#8220; global_colors_info=&#8220;{}&#8220;][et_pb_row _builder_version=&#8220;4.24.0&#8243; _module_preset=&#8220;default&#8220; width_tablet=&#8220;90%&#8220; width_phone=&#8220;90%&#8220; width_last_edited=&#8220;on|tablet&#8220; max_width=&#8220;100%&#8220; global_colors_info=&#8220;{}&#8220;][et_pb_column type=&#8220;4_4&#8243; _builder_version=&#8220;4.23.1&#8243; _module_preset=&#8220;default&#8220; global_colors_info=&#8220;{}&#8220;][et_pb_code _builder_version=&#8220;4.24.0&#8243; _module_preset=&#8220;default&#8220; global_colors_info=&#8220;{}&#8220;]<div class=\"oo-detailview-helper\"><p class=\"oo-detailview-helper-text oo-detailview-helper-text--default\">Sie haben die Detailseite ge\u00f6ffnet, aber wir wissen nicht, welches estate wir Ihnen zeigen sollen, da die URL keine estate ID enth\u00e4lt. Bitte gehen Sie zu einer estate-Liste und \u00f6ffnen Sie von dort aus ein estate.<\/p><\/div>[\/et_pb_code][\/et_pb_column][\/et_pb_row][\/et_pb_section]<\/p>\n","protected":false},"excerpt":{"rendered":"<div class=\"oo-detailview-helper\"><p class=\"oo-detailview-helper-text oo-detailview-helper-text--default\">Sie haben die Detailseite ge\u00f6ffnet, aber wir wissen nicht, welches estate wir Ihnen zeigen sollen, da die URL keine estate ID enth\u00e4lt. Bitte gehen Sie zu einer estate-Liste und \u00f6ffnen Sie von dort aus ein estate.<\/p><\/div>\n","protected":false},"author":1,"featured_media":0,"parent":0,"menu_order":0,"comment_status":"closed","ping_status":"closed","template":"","meta":{"_et_pb_use_builder":"on","_et_pb_old_content":"","_et_gb_content_width":"","footnotes":""},"class_list":["post-1881","page","type-page","status-publish","hentry"],"yoast_head":"<!-- This site is optimized with the Yoast SEO plugin v26.1.1 - https:\/\/yoast.com\/wordpress\/plugins\/seo\/ -->\n<title>Properties_detail_de - Altea<\/title>\n<meta name=\"description\" content=\"Altea\" \/>\n<meta name=\"robots\" content=\"index, follow, max-snippet:-1, max-image-preview:large, max-video-preview:-1\" \/>\n<link rel=\"canonical\" href=\"https:\/\/altea.re\/de\/wp-json\/wp\/v2\/pages\/1881\" \/>\n<meta property=\"og:locale\" content=\"de_DE\" \/>\n<meta property=\"og:type\" content=\"article\" \/>\n<meta property=\"og:title\" content=\"Properties_detail_de - Altea\" \/>\n<meta property=\"og:description\" content=\"Altea\" \/>\n<meta property=\"og:url\" content=\"https:\/\/altea.re\/de\/properties_detail-de\/\" \/>\n<meta property=\"og:site_name\" content=\"Altea\" \/>\n<meta property=\"article:modified_time\" content=\"2024-03-19T22:13:59+00:00\" \/>\n<meta property=\"og:image\" content=\"https:\/\/altea.re\/wp-content\/uploads\/2023\/12\/Real-Estate-Altea-1.jpg\" \/>\n\t<meta property=\"og:image:width\" content=\"1600\" \/>\n\t<meta property=\"og:image:height\" content=\"1067\" \/>\n\t<meta property=\"og:image:type\" content=\"image\/jpeg\" \/>\n<meta name=\"twitter:card\" content=\"summary_large_image\" \/>\n<meta name=\"twitter:label1\" content=\"Gesch\u00e4tzte Lesezeit\" \/>\n\t<meta name=\"twitter:data1\" content=\"3\u00a0Minuten\" \/>\n<script type=\"application\/ld+json\" class=\"yoast-schema-graph\">{\"@context\":\"https:\/\/schema.org\",\"@graph\":[{\"@type\":\"WebPage\",\"@id\":\"https:\/\/altea.re\/de\/properties_detail-de\/\",\"url\":\"https:\/\/altea.re\/de\/properties_detail-de\/\",\"name\":\"Properties_detail_de - Altea\",\"isPartOf\":{\"@id\":\"https:\/\/altea.re\/de\/#website\"},\"datePublished\":\"2024-02-17T10:31:02+00:00\",\"dateModified\":\"2024-03-19T22:13:59+00:00\",\"description\":\"Altea\",\"breadcrumb\":{\"@id\":\"https:\/\/altea.re\/de\/properties_detail-de\/#breadcrumb\"},\"inLanguage\":\"de\",\"potentialAction\":[{\"@type\":\"ReadAction\",\"target\":[\"https:\/\/altea.re\/de\/properties_detail-de\/\"]}]},{\"@type\":\"BreadcrumbList\",\"@id\":\"https:\/\/altea.re\/de\/properties_detail-de\/#breadcrumb\",\"itemListElement\":[{\"@type\":\"ListItem\",\"position\":1,\"name\":\"Home\",\"item\":\"https:\/\/altea.re\/de\/\"},{\"@type\":\"ListItem\",\"position\":2,\"name\":\"Properties_detail_de\"}]},{\"@type\":\"WebSite\",\"@id\":\"https:\/\/altea.re\/de\/#website\",\"url\":\"https:\/\/altea.re\/de\/\",\"name\":\"altea.re\",\"description\":\"Real Estate Services\",\"publisher\":{\"@id\":\"https:\/\/altea.re\/de\/#organization\"},\"alternateName\":\"Real Estate Services\",\"potentialAction\":[{\"@type\":\"SearchAction\",\"target\":{\"@type\":\"EntryPoint\",\"urlTemplate\":\"https:\/\/altea.re\/de\/?s={search_term_string}\"},\"query-input\":{\"@type\":\"PropertyValueSpecification\",\"valueRequired\":true,\"valueName\":\"search_term_string\"}}],\"inLanguage\":\"de\"},{\"@type\":\"Organization\",\"@id\":\"https:\/\/altea.re\/de\/#organization\",\"name\":\"ALTEA S.R.L.\",\"url\":\"https:\/\/altea.re\/de\/\",\"logo\":{\"@type\":\"ImageObject\",\"inLanguage\":\"de\",\"@id\":\"https:\/\/altea.re\/de\/#\/schema\/logo\/image\/\",\"url\":\"https:\/\/altea.re\/wp-content\/uploads\/2023\/12\/ALTEA-REAL-ESTARE-SERVICES-b.png\",\"contentUrl\":\"https:\/\/altea.re\/wp-content\/uploads\/2023\/12\/ALTEA-REAL-ESTARE-SERVICES-b.png\",\"width\":1917,\"height\":691,\"caption\":\"ALTEA S.R.L.\"},\"image\":{\"@id\":\"https:\/\/altea.re\/de\/#\/schema\/logo\/image\/\"}}]}<\/script>\n<!-- \/ Yoast SEO plugin. -->","yoast_head_json":{"title":"Properties_detail_de - Altea","description":"Altea","robots":{"index":"index","follow":"follow","max-snippet":"max-snippet:-1","max-image-preview":"max-image-preview:large","max-video-preview":"max-video-preview:-1"},"canonical":"https:\/\/altea.re\/de\/wp-json\/wp\/v2\/pages\/1881","og_locale":"de_DE","og_type":"article","og_title":"Properties_detail_de - Altea","og_description":"Altea","og_url":"https:\/\/altea.re\/de\/properties_detail-de\/","og_site_name":"Altea","article_modified_time":"2024-03-19T22:13:59+00:00","og_image":[{"width":1600,"height":1067,"url":"https:\/\/altea.re\/wp-content\/uploads\/2023\/12\/Real-Estate-Altea-1.jpg","type":"image\/jpeg"}],"twitter_card":"summary_large_image","twitter_misc":{"Gesch\u00e4tzte Lesezeit":"3\u00a0Minuten"},"schema":{"@context":"https:\/\/schema.org","@graph":[{"@type":"WebPage","@id":"https:\/\/altea.re\/de\/properties_detail-de\/","url":"https:\/\/altea.re\/de\/properties_detail-de\/","name":"Properties_detail_de - Altea","isPartOf":{"@id":"https:\/\/altea.re\/de\/#website"},"datePublished":"2024-02-17T10:31:02+00:00","dateModified":"2024-03-19T22:13:59+00:00","description":"Altea","breadcrumb":{"@id":"https:\/\/altea.re\/de\/properties_detail-de\/#breadcrumb"},"inLanguage":"de","potentialAction":[{"@type":"ReadAction","target":["https:\/\/altea.re\/de\/properties_detail-de\/"]}]},{"@type":"BreadcrumbList","@id":"https:\/\/altea.re\/de\/properties_detail-de\/#breadcrumb","itemListElement":[{"@type":"ListItem","position":1,"name":"Home","item":"https:\/\/altea.re\/de\/"},{"@type":"ListItem","position":2,"name":"Properties_detail_de"}]},{"@type":"WebSite","@id":"https:\/\/altea.re\/de\/#website","url":"https:\/\/altea.re\/de\/","name":"altea.re","description":"Real Estate Services","publisher":{"@id":"https:\/\/altea.re\/de\/#organization"},"alternateName":"Real Estate Services","potentialAction":[{"@type":"SearchAction","target":{"@type":"EntryPoint","urlTemplate":"https:\/\/altea.re\/de\/?s={search_term_string}"},"query-input":{"@type":"PropertyValueSpecification","valueRequired":true,"valueName":"search_term_string"}}],"inLanguage":"de"},{"@type":"Organization","@id":"https:\/\/altea.re\/de\/#organization","name":"ALTEA S.R.L.","url":"https:\/\/altea.re\/de\/","logo":{"@type":"ImageObject","inLanguage":"de","@id":"https:\/\/altea.re\/de\/#\/schema\/logo\/image\/","url":"https:\/\/altea.re\/wp-content\/uploads\/2023\/12\/ALTEA-REAL-ESTARE-SERVICES-b.png","contentUrl":"https:\/\/altea.re\/wp-content\/uploads\/2023\/12\/ALTEA-REAL-ESTARE-SERVICES-b.png","width":1917,"height":691,"caption":"ALTEA S.R.L."},"image":{"@id":"https:\/\/altea.re\/de\/#\/schema\/logo\/image\/"}}]}},"_links":{"self":[{"href":"https:\/\/altea.re\/de\/wp-json\/wp\/v2\/pages\/1881","targetHints":{"allow":["GET"]}}],"collection":[{"href":"https:\/\/altea.re\/de\/wp-json\/wp\/v2\/pages"}],"about":[{"href":"https:\/\/altea.re\/de\/wp-json\/wp\/v2\/types\/page"}],"author":[{"embeddable":true,"href":"https:\/\/altea.re\/de\/wp-json\/wp\/v2\/users\/1"}],"replies":[{"embeddable":true,"href":"https:\/\/altea.re\/de\/wp-json\/wp\/v2\/comments?post=1881"}],"version-history":[{"count":7,"href":"https:\/\/altea.re\/de\/wp-json\/wp\/v2\/pages\/1881\/revisions"}],"predecessor-version":[{"id":2263,"href":"https:\/\/altea.re\/de\/wp-json\/wp\/v2\/pages\/1881\/revisions\/2263"}],"wp:attachment":[{"href":"https:\/\/altea.re\/de\/wp-json\/wp\/v2\/media?parent=1881"}],"curies":[{"name":"wp","href":"https:\/\/api.w.org\/{rel}","templated":true}]}}